{"id":110,"date":"2025-06-26T21:14:25","date_gmt":"2025-06-26T21:14:25","guid":{"rendered":"https:\/\/www.egosdigitalmarketing.com\/blog\/?page_id=110"},"modified":"2025-06-26T21:14:25","modified_gmt":"2025-06-26T21:14:25","slug":"cursos","status":"publish","type":"page","link":"https:\/\/www.egosdigitalmarketing.com\/blog\/index.php\/cursos\/","title":{"rendered":"cursos"},"content":{"rendered":"\n<p>gastronomia <\/p>\n\n\n\n<p>cepav gourmet <\/p>\n\n\n\n<div class=\"wp-block-columns is-layout-flex wp-container-core-columns-is-layout-28f84493 wp-block-columns-is-layout-flex\">\n<div class=\"wp-block-column is-layout-flow wp-block-column-is-layout-flow\">\n<div class=\"wp-block-group popular-course-box wow zoomIn has-border-color is-layout-flow wp-block-group-is-layout-flow\" style=\"border-color:#eceff1;border-width:1px;padding-top:var(--wp--preset--spacing--20);padding-right:0;padding-bottom:0;padding-left:0\">\n<div class=\"wp-block-group is-layout-flow wp-block-group-is-layout-flow\" style=\"padding-right:var(--wp--preset--spacing--20);padding-left:var(--wp--preset--spacing--20)\">\n<figure class=\"wp-block-image size-full\"><img loading=\"lazy\" decoding=\"async\" width=\"1280\" height=\"720\" src=\"http:\/\/www.egosdigitalmarketing.com\/blog\/wp-content\/uploads\/2025\/06\/5046420929252536020.jpg\" alt=\"\" class=\"wp-image-67\" srcset=\"https:\/\/www.egosdigitalmarketing.com\/blog\/wp-content\/uploads\/2025\/06\/5046420929252536020.jpg 1280w, https:\/\/www.egosdigitalmarketing.com\/blog\/wp-content\/uploads\/2025\/06\/5046420929252536020-300x169.jpg 300w, https:\/\/www.egosdigitalmarketing.com\/blog\/wp-content\/uploads\/2025\/06\/5046420929252536020-1024x576.jpg 1024w, https:\/\/www.egosdigitalmarketing.com\/blog\/wp-content\/uploads\/2025\/06\/5046420929252536020-768x432.jpg 768w\" sizes=\"auto, (max-width: 1280px) 100vw, 1280px\" \/><\/figure>\n\n\n\n<h5 class=\"wp-block-heading has-text-align-center has-roboto-slab-font-family\">Pasteleria<\/h5>\n\n\n\n<div class=\"wp-block-group is-content-justification-center is-nowrap is-layout-flex wp-container-core-group-is-layout-15b1176e wp-block-group-is-layout-flex\" style=\"margin-top:var(--wp--preset--spacing--20)\">\n<figure class=\"wp-block-image size-full\"><img decoding=\"async\" src=\"https:\/\/www.egosdigitalmarketing.com\/blog\/wp-content\/themes\/educational-blocks\/images\/rating.png\" alt=\"\" class=\"wp-image-470\"\/><\/figure>\n\n\n\n<figure class=\"wp-block-image size-full\"><img decoding=\"async\" src=\"https:\/\/www.egosdigitalmarketing.com\/blog\/wp-content\/themes\/educational-blocks\/images\/rating.png\" alt=\"\" class=\"wp-image-470\"\/><\/figure>\n\n\n\n<figure class=\"wp-block-image size-full\"><img decoding=\"async\" src=\"https:\/\/www.egosdigitalmarketing.com\/blog\/wp-content\/themes\/educational-blocks\/images\/rating.png\" alt=\"\" class=\"wp-image-470\"\/><\/figure>\n<\/div>\n\n\n\n<p class=\"has-text-align-center\" style=\"margin-top:var(--wp--preset--spacing--30);margin-right:0;margin-bottom:0;margin-left:0\">Lorem Ipsum es simplemente un texto ficticio de la industria de la impresi\u00f3n y la composici\u00f3n tipogr\u00e1fica.<\/p>\n<\/div>\n\n\n\n<div class=\"wp-block-group popular-course-info has-second-bg-background-color has-background is-layout-flow wp-block-group-is-layout-flow\" style=\"padding-top:var(--wp--preset--spacing--30);padding-right:var(--wp--preset--spacing--30);padding-bottom:var(--wp--preset--spacing--30);padding-left:var(--wp--preset--spacing--30)\">\n<div class=\"wp-block-columns are-vertically-aligned-center is-layout-flex wp-container-core-columns-is-layout-65e523f9 wp-block-columns-is-layout-flex\">\n<div class=\"wp-block-column is-vertically-aligned-center is-layout-flow wp-block-column-is-layout-flow\" style=\"flex-basis:40%\">\n<div class=\"wp-block-columns are-vertically-aligned-center is-layout-flex wp-container-core-columns-is-layout-ea69a204 wp-block-columns-is-layout-flex\">\n<div class=\"wp-block-column is-vertically-aligned-center teacher-img is-layout-flow wp-block-column-is-layout-flow\" style=\"flex-basis:20%\"><\/div>\n\n\n\n<div class=\"wp-block-column is-vertically-aligned-center is-layout-flow wp-block-column-is-layout-flow\" style=\"flex-basis:80%\">\n<p class=\"course-teacher has-heading-color has-text-color has-link-color has-poppins-font-family has-extra-small-font-size wp-elements-cec1edb25efb0f97f5074c9a591c7119\" style=\"font-style:normal;font-weight:500\">cupos<\/p>\n<\/div>\n<\/div>\n<\/div>\n\n\n\n<div class=\"wp-block-column is-vertically-aligned-center is-layout-flow wp-block-column-is-layout-flow\" style=\"flex-basis:60%\">\n<div class=\"wp-block-group course-count is-content-justification-right is-nowrap is-layout-flex wp-container-core-group-is-layout-6c1bb23e wp-block-group-is-layout-flex\">\n<figure class=\"wp-block-image size-full\"><img decoding=\"async\" src=\"https:\/\/www.egosdigitalmarketing.com\/blog\/wp-content\/themes\/educational-blocks\/images\/user.png\" alt=\"\" class=\"wp-image-227\"\/><\/figure>\n\n\n\n<p class=\"has-heading-color has-text-color has-link-color has-poppins-font-family has-medium-font-size wp-elements-fdefb07116889cd0e33242bc1237751a\" style=\"margin-top:0;margin-right:0;margin-bottom:0;margin-left:0;font-style:normal;font-weight:500\">20<\/p>\n\n\n\n<figure class=\"wp-block-image size-full\"><img decoding=\"async\" src=\"https:\/\/www.egosdigitalmarketing.com\/blog\/wp-content\/themes\/educational-blocks\/images\/comment.png\" alt=\"\" class=\"wp-image-225\"\/><\/figure>\n\n\n\n<p class=\"has-heading-color has-text-color has-link-color has-poppins-font-family has-medium-font-size wp-elements-2eebb7168ada341e5fb094334c01c863\" style=\"font-style:normal;font-weight:500\">6<\/p>\n\n\n\n<p class=\"has-primary-color has-text-color has-link-color has-poppins-font-family has-medium-font-size wp-elements-ece9cf429866ba6d97b6592086d01329\" style=\"font-style:normal;font-weight:600\">380\u20ac<\/p>\n<\/div>\n<\/div>\n<\/div>\n<\/div>\n<\/div>\n<\/div>\n\n\n\n<div class=\"wp-block-column is-layout-flow wp-block-column-is-layout-flow\">\n<div class=\"wp-block-group popular-course-box wow zoomIn has-border-color is-layout-flow wp-block-group-is-layout-flow\" style=\"border-color:#eceff1;border-width:1px;padding-top:var(--wp--preset--spacing--20);padding-right:0;padding-bottom:0;padding-left:0\">\n<div class=\"wp-block-group is-layout-flow wp-block-group-is-layout-flow\" style=\"padding-right:var(--wp--preset--spacing--20);padding-left:var(--wp--preset--spacing--20)\">\n<figure class=\"wp-block-image size-full\"><img loading=\"lazy\" decoding=\"async\" width=\"1280\" height=\"720\" src=\"http:\/\/www.egosdigitalmarketing.com\/blog\/wp-content\/uploads\/2025\/06\/4981324863021101106.jpg\" alt=\"\" class=\"wp-image-41\" srcset=\"https:\/\/www.egosdigitalmarketing.com\/blog\/wp-content\/uploads\/2025\/06\/4981324863021101106.jpg 1280w, https:\/\/www.egosdigitalmarketing.com\/blog\/wp-content\/uploads\/2025\/06\/4981324863021101106-300x169.jpg 300w, https:\/\/www.egosdigitalmarketing.com\/blog\/wp-content\/uploads\/2025\/06\/4981324863021101106-1024x576.jpg 1024w, https:\/\/www.egosdigitalmarketing.com\/blog\/wp-content\/uploads\/2025\/06\/4981324863021101106-768x432.jpg 768w\" sizes=\"auto, (max-width: 1280px) 100vw, 1280px\" \/><\/figure>\n\n\n\n<h5 class=\"wp-block-heading has-text-align-center has-roboto-slab-font-family\">Cocinero profesional<\/h5>\n\n\n\n<div class=\"wp-block-group is-content-justification-center is-nowrap is-layout-flex wp-container-core-group-is-layout-15b1176e wp-block-group-is-layout-flex\" style=\"margin-top:var(--wp--preset--spacing--20)\">\n<figure class=\"wp-block-image size-full\"><img decoding=\"async\" src=\"https:\/\/www.egosdigitalmarketing.com\/blog\/wp-content\/themes\/educational-blocks\/images\/rating.png\" alt=\"\" class=\"wp-image-470\"\/><\/figure>\n\n\n\n<figure class=\"wp-block-image size-full\"><img decoding=\"async\" src=\"https:\/\/www.egosdigitalmarketing.com\/blog\/wp-content\/themes\/educational-blocks\/images\/rating.png\" alt=\"\" class=\"wp-image-470\"\/><\/figure>\n\n\n\n<figure class=\"wp-block-image size-full\"><img decoding=\"async\" src=\"https:\/\/www.egosdigitalmarketing.com\/blog\/wp-content\/themes\/educational-blocks\/images\/rating.png\" alt=\"\" class=\"wp-image-470\"\/><\/figure>\n<\/div>\n\n\n\n<p class=\"has-text-align-center\" style=\"margin-top:var(--wp--preset--spacing--30);margin-right:0;margin-bottom:0;margin-left:0\">Lorem Ipsum es simplemente un texto ficticio de la industria de la impresi\u00f3n y la composici\u00f3n tipogr\u00e1fica.<\/p>\n<\/div>\n\n\n\n<div class=\"wp-block-group popular-course-info has-second-bg-background-color has-background is-layout-flow wp-block-group-is-layout-flow\" style=\"padding-top:var(--wp--preset--spacing--30);padding-right:var(--wp--preset--spacing--30);padding-bottom:var(--wp--preset--spacing--30);padding-left:var(--wp--preset--spacing--30)\">\n<div class=\"wp-block-columns are-vertically-aligned-center is-layout-flex wp-container-core-columns-is-layout-65e523f9 wp-block-columns-is-layout-flex\">\n<div class=\"wp-block-column is-vertically-aligned-center is-layout-flow wp-block-column-is-layout-flow\" style=\"flex-basis:40%\">\n<div class=\"wp-block-columns are-vertically-aligned-center is-layout-flex wp-container-core-columns-is-layout-ea69a204 wp-block-columns-is-layout-flex\">\n<div class=\"wp-block-column is-vertically-aligned-center teacher-img is-layout-flow wp-block-column-is-layout-flow\" style=\"flex-basis:20%\"><\/div>\n\n\n\n<div class=\"wp-block-column is-vertically-aligned-center is-layout-flow wp-block-column-is-layout-flow\" style=\"flex-basis:80%\">\n<p class=\"course-teacher has-heading-color has-text-color has-link-color has-poppins-font-family has-extra-small-font-size wp-elements-cec1edb25efb0f97f5074c9a591c7119\" style=\"font-style:normal;font-weight:500\">cupos<\/p>\n<\/div>\n<\/div>\n<\/div>\n\n\n\n<div class=\"wp-block-column is-vertically-aligned-center is-layout-flow wp-block-column-is-layout-flow\" style=\"flex-basis:60%\">\n<div class=\"wp-block-group course-count is-content-justification-right is-nowrap is-layout-flex wp-container-core-group-is-layout-6c1bb23e wp-block-group-is-layout-flex\">\n<figure class=\"wp-block-image size-full\"><img decoding=\"async\" src=\"https:\/\/www.egosdigitalmarketing.com\/blog\/wp-content\/themes\/educational-blocks\/images\/user.png\" alt=\"\" class=\"wp-image-227\"\/><\/figure>\n\n\n\n<p class=\"has-heading-color has-text-color has-link-color has-poppins-font-family has-medium-font-size wp-elements-fdefb07116889cd0e33242bc1237751a\" style=\"margin-top:0;margin-right:0;margin-bottom:0;margin-left:0;font-style:normal;font-weight:500\">20<\/p>\n\n\n\n<figure class=\"wp-block-image size-full\"><img decoding=\"async\" src=\"https:\/\/www.egosdigitalmarketing.com\/blog\/wp-content\/themes\/educational-blocks\/images\/comment.png\" alt=\"\" class=\"wp-image-225\"\/><\/figure>\n\n\n\n<p class=\"has-heading-color has-text-color has-link-color has-poppins-font-family has-medium-font-size wp-elements-2eebb7168ada341e5fb094334c01c863\" style=\"font-style:normal;font-weight:500\">6<\/p>\n\n\n\n<p class=\"has-primary-color has-text-color has-link-color has-poppins-font-family has-medium-font-size wp-elements-ece9cf429866ba6d97b6592086d01329\" style=\"font-style:normal;font-weight:600\">380\u20ac<\/p>\n<\/div>\n<\/div>\n<\/div>\n<\/div>\n<\/div>\n<\/div>\n\n\n\n<div class=\"wp-block-column is-layout-flow wp-block-column-is-layout-flow\">\n<div class=\"wp-block-group popular-course-box wow zoomIn has-border-color is-layout-flow wp-block-group-is-layout-flow\" style=\"border-color:#eceff1;border-width:1px;padding-top:var(--wp--preset--spacing--20);padding-right:0;padding-bottom:0;padding-left:0\">\n<div class=\"wp-block-group is-layout-flow wp-block-group-is-layout-flow\" style=\"padding-right:var(--wp--preset--spacing--20);padding-left:var(--wp--preset--spacing--20)\">\n<figure class=\"wp-block-image size-full\"><img loading=\"lazy\" decoding=\"async\" width=\"1280\" height=\"562\" src=\"http:\/\/www.egosdigitalmarketing.com\/blog\/wp-content\/uploads\/2025\/06\/5174780145767132919.jpg\" alt=\"\" class=\"wp-image-94\" srcset=\"https:\/\/www.egosdigitalmarketing.com\/blog\/wp-content\/uploads\/2025\/06\/5174780145767132919.jpg 1280w, https:\/\/www.egosdigitalmarketing.com\/blog\/wp-content\/uploads\/2025\/06\/5174780145767132919-300x132.jpg 300w, https:\/\/www.egosdigitalmarketing.com\/blog\/wp-content\/uploads\/2025\/06\/5174780145767132919-1024x450.jpg 1024w, https:\/\/www.egosdigitalmarketing.com\/blog\/wp-content\/uploads\/2025\/06\/5174780145767132919-768x337.jpg 768w\" sizes=\"auto, (max-width: 1280px) 100vw, 1280px\" \/><\/figure>\n\n\n\n<h5 class=\"wp-block-heading has-text-align-center has-roboto-slab-font-family\">Panaderia<\/h5>\n\n\n\n<div class=\"wp-block-group is-content-justification-center is-nowrap is-layout-flex wp-container-core-group-is-layout-15b1176e wp-block-group-is-layout-flex\" style=\"margin-top:var(--wp--preset--spacing--20)\">\n<figure class=\"wp-block-image size-full\"><img decoding=\"async\" src=\"https:\/\/www.egosdigitalmarketing.com\/blog\/wp-content\/themes\/educational-blocks\/images\/rating.png\" alt=\"\" class=\"wp-image-470\"\/><\/figure>\n\n\n\n<figure class=\"wp-block-image size-full\"><img decoding=\"async\" src=\"https:\/\/www.egosdigitalmarketing.com\/blog\/wp-content\/themes\/educational-blocks\/images\/rating.png\" alt=\"\" class=\"wp-image-470\"\/><\/figure>\n\n\n\n<figure class=\"wp-block-image size-full\"><img decoding=\"async\" src=\"https:\/\/www.egosdigitalmarketing.com\/blog\/wp-content\/themes\/educational-blocks\/images\/rating.png\" alt=\"\" class=\"wp-image-470\"\/><\/figure>\n<\/div>\n\n\n\n<p class=\"has-text-align-center\" style=\"margin-top:var(--wp--preset--spacing--30);margin-right:0;margin-bottom:0;margin-left:0\">Lorem Ipsum es simplemente un texto ficticio de la industria de la impresi\u00f3n y la composici\u00f3n tipogr\u00e1fica.<\/p>\n<\/div>\n\n\n\n<div class=\"wp-block-group popular-course-info has-second-bg-background-color has-background is-layout-flow wp-block-group-is-layout-flow\" style=\"padding-top:var(--wp--preset--spacing--30);padding-right:var(--wp--preset--spacing--30);padding-bottom:var(--wp--preset--spacing--30);padding-left:var(--wp--preset--spacing--30)\">\n<div class=\"wp-block-columns are-vertically-aligned-center is-layout-flex wp-container-core-columns-is-layout-65e523f9 wp-block-columns-is-layout-flex\">\n<div class=\"wp-block-column is-vertically-aligned-center is-layout-flow wp-block-column-is-layout-flow\" style=\"flex-basis:40%\">\n<div class=\"wp-block-columns are-vertically-aligned-center is-layout-flex wp-container-core-columns-is-layout-ea69a204 wp-block-columns-is-layout-flex\">\n<div class=\"wp-block-column is-vertically-aligned-center teacher-img is-layout-flow wp-block-column-is-layout-flow\" style=\"flex-basis:20%\"><\/div>\n\n\n\n<div class=\"wp-block-column is-vertically-aligned-center is-layout-flow wp-block-column-is-layout-flow\" style=\"flex-basis:80%\">\n<p class=\"course-teacher has-heading-color has-text-color has-link-color has-poppins-font-family has-extra-small-font-size wp-elements-cec1edb25efb0f97f5074c9a591c7119\" style=\"font-style:normal;font-weight:500\">cupos<\/p>\n<\/div>\n<\/div>\n<\/div>\n\n\n\n<div class=\"wp-block-column is-vertically-aligned-center is-layout-flow wp-block-column-is-layout-flow\" style=\"flex-basis:60%\">\n<div class=\"wp-block-group course-count is-content-justification-right is-nowrap is-layout-flex wp-container-core-group-is-layout-6c1bb23e wp-block-group-is-layout-flex\">\n<figure class=\"wp-block-image size-full\"><img decoding=\"async\" src=\"https:\/\/www.egosdigitalmarketing.com\/blog\/wp-content\/themes\/educational-blocks\/images\/user.png\" alt=\"\" class=\"wp-image-227\"\/><\/figure>\n\n\n\n<p class=\"has-heading-color has-text-color has-link-color has-poppins-font-family has-medium-font-size wp-elements-fdefb07116889cd0e33242bc1237751a\" style=\"margin-top:0;margin-right:0;margin-bottom:0;margin-left:0;font-style:normal;font-weight:500\">20<\/p>\n\n\n\n<figure class=\"wp-block-image size-full\"><img decoding=\"async\" src=\"https:\/\/www.egosdigitalmarketing.com\/blog\/wp-content\/themes\/educational-blocks\/images\/comment.png\" alt=\"\" class=\"wp-image-225\"\/><\/figure>\n\n\n\n<p class=\"has-heading-color has-text-color has-link-color has-poppins-font-family has-medium-font-size wp-elements-2eebb7168ada341e5fb094334c01c863\" style=\"font-style:normal;font-weight:500\">6<\/p>\n\n\n\n<p class=\"has-primary-color has-text-color has-link-color has-poppins-font-family has-medium-font-size wp-elements-ece9cf429866ba6d97b6592086d01329\" style=\"font-style:normal;font-weight:600\">380\u20ac<\/p>\n<\/div>\n<\/div>\n<\/div>\n<\/div>\n<\/div>\n<\/div>\n<\/div>\n","protected":false},"excerpt":{"rendered":"<p>gastronomia cepav gourmet Pasteleria Lorem Ipsum es simplemente un texto ficticio de la industria de la impresi\u00f3n y la composici\u00f3n tipogr\u00e1fica. cupos 20 6 380\u20ac Cocinero profesional Lorem Ipsum es simplemente un texto ficticio de la industria de la impresi\u00f3n y la composici\u00f3n tipogr\u00e1fica. cupos 20 6 380\u20ac Panaderia Lorem Ipsum es simplemente un texto [&hellip;]<\/p>\n","protected":false},"author":1,"featured_media":0,"parent":0,"menu_order":0,"comment_status":"closed","ping_status":"closed","template":"","meta":{"footnotes":""},"class_list":["post-110","page","type-page","status-publish","hentry"],"_links":{"self":[{"href":"https:\/\/www.egosdigitalmarketing.com\/blog\/index.php\/wp-json\/wp\/v2\/pages\/110","targetHints":{"allow":["GET"]}}],"collection":[{"href":"https:\/\/www.egosdigitalmarketing.com\/blog\/index.php\/wp-json\/wp\/v2\/pages"}],"about":[{"href":"https:\/\/www.egosdigitalmarketing.com\/blog\/index.php\/wp-json\/wp\/v2\/types\/page"}],"author":[{"embeddable":true,"href":"https:\/\/www.egosdigitalmarketing.com\/blog\/index.php\/wp-json\/wp\/v2\/users\/1"}],"replies":[{"embeddable":true,"href":"https:\/\/www.egosdigitalmarketing.com\/blog\/index.php\/wp-json\/wp\/v2\/comments?post=110"}],"version-history":[{"count":1,"href":"https:\/\/www.egosdigitalmarketing.com\/blog\/index.php\/wp-json\/wp\/v2\/pages\/110\/revisions"}],"predecessor-version":[{"id":111,"href":"https:\/\/www.egosdigitalmarketing.com\/blog\/index.php\/wp-json\/wp\/v2\/pages\/110\/revisions\/111"}],"wp:attachment":[{"href":"https:\/\/www.egosdigitalmarketing.com\/blog\/index.php\/wp-json\/wp\/v2\/media?parent=110"}],"curies":[{"name":"wp","href":"https:\/\/api.w.org\/{rel}","templated":true}]}}